{"id":2,"date":"2011-11-14T03:46:31","date_gmt":"2011-11-14T03:46:31","guid":{"rendered":"http:\/\/www.estudiomaja.com\/new\/?page_id=2"},"modified":"2012-02-16T22:55:19","modified_gmt":"2012-02-16T22:55:19","slug":"pagina-ejemplo","status":"publish","type":"page","link":"https:\/\/www.estudiomaja.com\/","title":{"rendered":"Estilo Maja"},"content":{"rendered":"<div class=\"pix_columns\"><br>\n<div class=\"col_three pix_column\">\n<h4>Pensamos<\/h4>\n<a href=\"http:\/\/www.estudiomaja.com\/wp-content\/uploads\/2011\/11\/pensar1.jpg\"><img loading=\"lazy\" decoding=\"async\" class=\"size-full wp-image-295 alignnone\" title=\"pensar1\" src=\"http:\/\/www.estudiomaja.com\/wp-content\/uploads\/2011\/11\/pensar1.jpg\" alt=\"\" width=\"211\" height=\"158\"><\/a>\n<p>\u201cLa obra de arquitectura no puede ser resultado de especulaciones te\u00f3ricas m\u00e1s o menos inteligentes, sino del esfuerzo de haber encarado problemas y de haberlos resuelto\u201d (Arq. Eduardo Sacriste)<\/p>\n<h4><\/h4>\n<\/div>\n<div class=\"col_three pix_column\">\n<h4>So\u00f1amos<\/h4>\n<a href=\"http:\/\/www.estudiomaja.com\/wp-content\/uploads\/2012\/01\/piedra2.jpg\"><img loading=\"lazy\" decoding=\"async\" class=\"alignnone size-full wp-image-304\" title=\"piedra2\" src=\"http:\/\/www.estudiomaja.com\/wp-content\/uploads\/2012\/01\/piedra2.jpg\" alt=\"\" width=\"211\" height=\"158\"><\/a>\n<p>\u00abSeamos realistas y hagamos lo imposible.\u00bb (Ernesto Guevara Lynch)<\/p>\n<p>\u00abLos que sue\u00f1an de d\u00eda son conscientes de muchas cosas que escapan a los que sue\u00f1an s\u00f3lo de noche\u00bb (Edgar Allan Poe)<\/p>\n<\/div>\n<div class=\"col_three pix_column last_column\">\n<h4>Encendemos<\/h4>\n<a href=\"http:\/\/www.estudiomaja.com\/wp-content\/uploads\/2012\/01\/fuego1.jpg\"><img loading=\"lazy\" decoding=\"async\" title=\"Pt2\" src=\"http:\/\/www.estudiomaja.com\/wp-content\/uploads\/2012\/01\/fuego1.jpg\" alt=\"\" width=\"211\" height=\"158\"><\/a>\n<p style=\"text-align: left;\">El mundo es un mar de fueguitos&#8230;\u00a0 Algunos fuegos, fuegos bobos,\u00a0 no alumbran ni queman&#8230; pero otros arden la vida con tantas ganas, que no se puede mirarlos sin parpadear, y quien se acerca se enciende. (Eduardo Galeano)<\/p>\n<\/div>\n<\/div>\n","protected":false},"excerpt":{"rendered":"","protected":false},"author":1,"featured_media":0,"parent":0,"menu_order":0,"comment_status":"closed","ping_status":"closed","template":"","meta":{"footnotes":""},"class_list":["post-2","page","type-page","status-publish","hentry"],"_links":{"self":[{"href":"https:\/\/www.estudiomaja.com\/index.php?rest_route=\/wp\/v2\/pages\/2","targetHints":{"allow":["GET"]}}],"collection":[{"href":"https:\/\/www.estudiomaja.com\/index.php?rest_route=\/wp\/v2\/pages"}],"about":[{"href":"https:\/\/www.estudiomaja.com\/index.php?rest_route=\/wp\/v2\/types\/page"}],"author":[{"embeddable":true,"href":"https:\/\/www.estudiomaja.com\/index.php?rest_route=\/wp\/v2\/users\/1"}],"replies":[{"embeddable":true,"href":"https:\/\/www.estudiomaja.com\/index.php?rest_route=%2Fwp%2Fv2%2Fcomments&post=2"}],"version-history":[{"count":32,"href":"https:\/\/www.estudiomaja.com\/index.php?rest_route=\/wp\/v2\/pages\/2\/revisions"}],"predecessor-version":[{"id":7,"href":"https:\/\/www.estudiomaja.com\/index.php?rest_route=\/wp\/v2\/pages\/2\/revisions\/7"}],"wp:attachment":[{"href":"https:\/\/www.estudiomaja.com\/index.php?rest_route=%2Fwp%2Fv2%2Fmedia&parent=2"}],"curies":[{"name":"wp","href":"https:\/\/api.w.org\/{rel}","templated":true}]}}