{"id":158,"date":"2011-12-05T20:29:14","date_gmt":"2011-12-05T20:29:14","guid":{"rendered":"http:\/\/www.estudiomaja.com\/new\/?page_id=158"},"modified":"2012-02-17T16:32:47","modified_gmt":"2012-02-17T16:32:47","slug":"urbanizaciones","status":"publish","type":"page","link":"https:\/\/www.estudiomaja.com\/?page_id=158","title":{"rendered":"Urbanizaciones"},"content":{"rendered":"<a href=\"http:\/\/www.estudiomaja.com\/?attachment_id=147\" rel=\"attachment wp-att-147\"><img loading=\"lazy\" decoding=\"async\" class=\"alignleft size-medium wp-image-147\" title=\"b1-1\" src=\"http:\/\/www.estudiomaja.com\/wp-content\/uploads\/2011\/12\/b1-1-427x111.jpg\" alt=\"\" width=\"427\" height=\"111\" srcset=\"https:\/\/www.estudiomaja.com\/wp-content\/uploads\/2011\/12\/b1-1-427x111.jpg 427w, https:\/\/www.estudiomaja.com\/wp-content\/uploads\/2011\/12\/b1-1-708x185.jpg 708w, https:\/\/www.estudiomaja.com\/wp-content\/uploads\/2011\/12\/b1-1-350x91.jpg 350w\" sizes=\"auto, (max-width: 427px) 100vw, 427px\"><\/a>\n<p>Una urbanizaci\u00f3n es un conjunto de construcciones situadas generalmente en un antiguo medio rural\u00a0\u00a0junto a otras poblaciones. Para nosotros en Maja, pensar una urbanizaci\u00f3n va mucho m\u00e1s all\u00e1 del simple hecho de \u201ctrazar\u201d lotes, calles y espacios verdes.<\/p>\n<p>Sentimos la tierra, vemos su historia, so\u00f1amos sus horizontes, respetando su pasado, casi siempre de trabajo, y nos involucramos con su futuro.\u00a0Llevamos intervenidas 1500 Hact\u00e1reas, ellas son testigos de nuestro compromiso.<\/p>\n","protected":false},"excerpt":{"rendered":"<p>Una urbanizaci\u00f3n es un conjunto de construcciones situadas generalmente en un antiguo medio rural\u00a0\u00a0junto a otras poblaciones. Para nosotros en Maja, pensar una urbanizaci\u00f3n va mucho m\u00e1s all\u00e1 del simple hecho de \u201ctrazar\u201d lotes, calles y espacios verdes. Sentimos la tierra, vemos su historia, so\u00f1amos sus horizontes, respetando su pasado, casi siempre de trabajo, y [&hellip;]<\/p>\n","protected":false},"author":1,"featured_media":0,"parent":0,"menu_order":0,"comment_status":"closed","ping_status":"closed","template":"","meta":{"footnotes":""},"class_list":["post-158","page","type-page","status-publish","hentry"],"_links":{"self":[{"href":"https:\/\/www.estudiomaja.com\/index.php?rest_route=\/wp\/v2\/pages\/158","targetHints":{"allow":["GET"]}}],"collection":[{"href":"https:\/\/www.estudiomaja.com\/index.php?rest_route=\/wp\/v2\/pages"}],"about":[{"href":"https:\/\/www.estudiomaja.com\/index.php?rest_route=\/wp\/v2\/types\/page"}],"author":[{"embeddable":true,"href":"https:\/\/www.estudiomaja.com\/index.php?rest_route=\/wp\/v2\/users\/1"}],"replies":[{"embeddable":true,"href":"https:\/\/www.estudiomaja.com\/index.php?rest_route=%2Fwp%2Fv2%2Fcomments&post=158"}],"version-history":[{"count":17,"href":"https:\/\/www.estudiomaja.com\/index.php?rest_route=\/wp\/v2\/pages\/158\/revisions"}],"predecessor-version":[{"id":884,"href":"https:\/\/www.estudiomaja.com\/index.php?rest_route=\/wp\/v2\/pages\/158\/revisions\/884"}],"wp:attachment":[{"href":"https:\/\/www.estudiomaja.com\/index.php?rest_route=%2Fwp%2Fv2%2Fmedia&parent=158"}],"curies":[{"name":"wp","href":"https:\/\/api.w.org\/{rel}","templated":true}]}}