{"id":154,"date":"2011-12-05T20:25:29","date_gmt":"2011-12-05T20:25:29","guid":{"rendered":"http:\/\/www.estudiomaja.com\/new\/?page_id=154"},"modified":"2012-02-17T16:32:14","modified_gmt":"2012-02-17T16:32:14","slug":"grandes-obras","status":"publish","type":"page","link":"http:\/\/www.estudiomaja.com\/?page_id=154","title":{"rendered":"Grandes Obras"},"content":{"rendered":"<a href=\"http:\/\/www.estudiomaja.com\/wp-content\/uploads\/2011\/12\/A17-3.jpg\"><img loading=\"lazy\" decoding=\"async\" class=\"alignleft size-medium wp-image-135\" title=\"A17-3\" src=\"http:\/\/www.estudiomaja.com\/wp-content\/uploads\/2011\/12\/A17-3-427x320.jpg\" alt=\"Anteproyecto Carrefour Boutique Puerto Madero\" width=\"427\" height=\"320\" srcset=\"http:\/\/www.estudiomaja.com\/wp-content\/uploads\/2011\/12\/A17-3-427x320.jpg 427w, http:\/\/www.estudiomaja.com\/wp-content\/uploads\/2011\/12\/A17-3-708x531.jpg 708w, http:\/\/www.estudiomaja.com\/wp-content\/uploads\/2011\/12\/A17-3-350x262.jpg 350w, http:\/\/www.estudiomaja.com\/wp-content\/uploads\/2011\/12\/A17-3.jpg 800w\" sizes=\"auto, (max-width: 427px) 100vw, 427px\"><\/a>\n<p>Dice un Proverbio Ruso: \u201cLas grandes obras las sue\u00f1an los genios locos, las ejecutan los luchadores natos, las disfrutan los felices cuerdos, y las critican los in\u00fatiles cr\u00f3nicos\u201d. Ni un extremo ni el otro.<\/p>\n<p>Nuestro \u201cHacer\u201d, est\u00e1 avalado por casi 40.000 m2 de obras en supermercados, 25.000 m2 en estructuras met\u00e1licas aeroportuarias, y m\u00e1s de 15.000 m2 de dise\u00f1os de datacenters y centros de tecnolog\u00eda.<\/p>\n<p>Porque eso somos: \u201cHacedores\u201d. Ni genios, ni cr\u00f3nicos. S\u00f3lo experiencia y profesionalismo, puestos al servicio de nuestros clientes. Simplemente para \u201cHacer\u201d.<\/p>\n","protected":false},"excerpt":{"rendered":"<p>Dice un Proverbio Ruso: \u201cLas grandes obras las sue\u00f1an los genios locos, las ejecutan los luchadores natos, las disfrutan los felices cuerdos, y las critican los in\u00fatiles cr\u00f3nicos\u201d. Ni un extremo ni el otro. Nuestro \u201cHacer\u201d, est\u00e1 avalado por casi 40.000 m2 de obras en supermercados, 25.000 m2 en estructuras met\u00e1licas aeroportuarias, y m\u00e1s de [&hellip;]<\/p>\n","protected":false},"author":1,"featured_media":0,"parent":0,"menu_order":0,"comment_status":"closed","ping_status":"closed","template":"","meta":{"footnotes":""},"class_list":["post-154","page","type-page","status-publish","hentry"],"_links":{"self":[{"href":"http:\/\/www.estudiomaja.com\/index.php?rest_route=\/wp\/v2\/pages\/154","targetHints":{"allow":["GET"]}}],"collection":[{"href":"http:\/\/www.estudiomaja.com\/index.php?rest_route=\/wp\/v2\/pages"}],"about":[{"href":"http:\/\/www.estudiomaja.com\/index.php?rest_route=\/wp\/v2\/types\/page"}],"author":[{"embeddable":true,"href":"http:\/\/www.estudiomaja.com\/index.php?rest_route=\/wp\/v2\/users\/1"}],"replies":[{"embeddable":true,"href":"http:\/\/www.estudiomaja.com\/index.php?rest_route=%2Fwp%2Fv2%2Fcomments&post=154"}],"version-history":[{"count":18,"href":"http:\/\/www.estudiomaja.com\/index.php?rest_route=\/wp\/v2\/pages\/154\/revisions"}],"predecessor-version":[{"id":882,"href":"http:\/\/www.estudiomaja.com\/index.php?rest_route=\/wp\/v2\/pages\/154\/revisions\/882"}],"wp:attachment":[{"href":"http:\/\/www.estudiomaja.com\/index.php?rest_route=%2Fwp%2Fv2%2Fmedia&parent=154"}],"curies":[{"name":"wp","href":"https:\/\/api.w.org\/{rel}","templated":true}]}}